{"id":12,"date":"2023-06-11T06:10:43","date_gmt":"2023-06-11T06:10:43","guid":{"rendered":"https:\/\/rocketimpulse.com\/es\/?page_id=12"},"modified":"2023-06-11T06:10:44","modified_gmt":"2023-06-11T06:10:44","slug":"comprar-notas-de-prensa","status":"publish","type":"page","link":"https:\/\/rocketimpulse.com\/es\/","title":{"rendered":"Comprar notas de prensa"},"content":{"rendered":"\n<p>Comprar notas de prensa es una buena manera de hacerte publicidad gratis y difundir las noticias sobre tu empresa. Esto puede ser muy importante si tu negocio est\u00e1 abierto poco tiempo o no tiene muchos recursos para invertir en publicidad, pero la realidad es que muchas personas no saben c\u00f3mo comprar notas de prensa. En este sentido, te mostraremos c\u00f3mo comprar notas de prensa baratas online y consejos para hacerlo correctamente.<\/p>\n\n\n\n<h2 class=\"wp-block-heading\">Comprar notas de prensa<\/h2>\n\n\n\n<p>A press release is an official announcement of news, which can be published by a company or individual. They are commonly used to announce new products and services, as well as the opening of new businesses.<\/p>\n\n\n\n<p>Press releases are also used to publicize major events such as awards won by employees, charitable donations made by companies, etc. Press releases have been around since the early 1900s but their importance has increased over time due to technological advances like internet access and social media platforms like Facebook and Twitter that allow users to share content easily with friends who may not otherwise be aware of it.<\/p>\n\n\n\n<h2 class=\"wp-block-heading\">Notas de prensa baratas<\/h2>\n\n\n\n<p>Notas de prensa baratas no son necesariamente malas.<\/p>\n\n\n\n<p>Si se usan en la medida adecuada y con un prop\u00f3sito claro, pueden ayudar a su empresa a crecer y expandirse.<\/p>\n\n\n\n<h2 class=\"wp-block-heading\">Comprar notas de prensa en internet<\/h2>\n\n\n\n<p>You can buy press releases online, from a company and from freelance writers. You can also purchase them from a PR agency or firm.<\/p>\n\n\n\n<p>You can choose to have your own copywriter create the content for you or use one of their pre-existing templates.<\/p>\n\n\n\n<h2 class=\"wp-block-heading\">Notas de prensa gratis para empresas<\/h2>\n\n\n\n<p>Notas de prensa gratis para empresas<\/p>\n\n\n\n<p>Comprar notas de prensa gratis es una buena manera de conseguir noticias positivas sobre tu empresa en los medios de comunicaci\u00f3n. Las empresas que quieran promocionarse en la red deben tener un plan estrat\u00e9gico que incluya el marketing digital y la publicidad online, as\u00ed como la presencia en redes sociales y blogs. Una vez que ya se hayan creado las bases del proceso, es importante aprovechar tambi\u00e9n otros aspectos como las relacionadas con comunicaci\u00f3n corporativa para mejorar la imagen corporativa y diferenciarte del resto del mercado actualmente competitivo.<\/p>\n\n\n\n<h2 class=\"wp-block-heading\">Conoce los consejos para comprar notas de prensa.<\/h2>\n\n\n\n<p>Comprar notas de prensa es una buena manera de conseguir que se publiquen las noticias positivas sobre tu empresa en los medios de comunicaci\u00f3n.<\/p>\n\n\n\n<p>Conoce los consejos para comprar notas de prensa, que te ayudar\u00e1n a invertir bien el dinero y a obtener resultados reales.<\/p>\n\n\n\n<h2 class=\"wp-block-heading\">Comprar notas de prensa es una buena oportunidad para hacerse publicidad gratis.<\/h2>\n\n\n\n<p>Comprar notas de prensa es una buena oportunidad para hacerse publicidad gratis. Comprar noticias en los medios de comunicaci\u00f3n es una forma muy efectiva de conseguir noticias positivas acerca de tu empresa, productos o servicios.<\/p>\n\n\n\n<p>Not only that, but it also helps you stay on top of your marketing strategy and get ahead in the competition.<\/p>\n\n\n\n<h2 class=\"wp-block-heading\">Comprar notas de prensa es una buena manera de conseguir noticias positivas sobre tu empresa en los medios de comunicaci\u00f3n.<\/h2>\n\n\n\n<p>Comprar notas de prensa es una buena manera de conseguir noticias positivas sobre tu empresa en los medios de comunicaci\u00f3n.<\/p>\n\n\n\n<p>Comprar notas de prensa es una manera eficaz para promocionar tu negocio y que se hable de ti en los medios de comunicaci\u00f3n, ya sea locales o nacionales. Esto te permitir\u00e1 atraer a m\u00e1s clientes potenciales y alcanzar el \u00e9xito comercial que estabas buscando.<\/p>\n\n\n\n<h2 class=\"wp-block-heading\">Si tienes un buen presupuesto para comprar notas de prensa, puedes contratar a un profesional que se encargue del asunto.<\/h2>\n\n\n\n<p>If you have a good budget to buy press releases, you can hire a professional who will take care of the matter.<\/p>\n\n\n\n<p>Noticias de prensa son una forma excelente de hacerse publicidad gratis. Pueden hacer que tu empresa sea conocida en cualquier parte del mundo y obtener muy buenos resultados si lo utilizas correctamente.<\/p>\n\n\n\n<p>Para poder ver los resultados que se consiguen con este tipo de publicaciones debes tener claros los objetivos que quieres alcanzar y definir cuantos contactos deseas tener con ellos para poder evaluar el impacto real que tendran las noticias en su audiencia potencial o clientela actual de la compa\u00f1ia (si es posible).<\/p>\n\n\n\n<h2 class=\"wp-block-heading\">Para que tus noticias tengan el mayor impacto posible, ademas de publicarlas en blogs y revistas, hazlas llegar a los medios digitales y audiovisuales.<\/h2>\n\n\n\n<ul>\n<li>Publicar en blogs y revistas<\/li>\n\n\n\n<li>Publicar en medios digitales<\/li>\n\n\n\n<li>Publicar en medios audiovisuales<\/li>\n\n\n\n<li>Hacer que tu noticia llegue a todos los medios digitales e audiovisuales de tu pais, asi como tambien a los de la comunidad hispana.<\/li>\n<\/ul>\n\n\n\n<h2 class=\"wp-block-heading\">Hacerte publicidad gratis con las noticias es un buen negocio para cualquier empresa ya sea local o nacional<\/h2>\n\n\n\n<p>Hacerte publicidad gratis con las noticias es un buen negocio para cualquier empresa ya sea local o nacional. Puede que no te suene muy interesante, pero si quieres tener una presencia en los medios y tus clientes leen las noticias, este tipo de marketing puede ser una gran oportunidad para ti.<\/p>\n\n\n\n<ul>\n<li>Las noticias son gratuitas<\/li>\n\n\n\n<li>Son f\u00e1ciles de encontrar y usar (a menos que seas muy bueno con la edici\u00f3n de fotos)<\/li>\n\n\n\n<li>Algunas veces se publican antes de las 24 horas de haber sido enviadas por correo electr\u00f3nico a periodistas con experiencia en el tema que aborda tu noticia (y est\u00e1n disponibles solo para suscriptores).<\/li>\n<\/ul>\n\n\n\n<h2 class=\"wp-block-heading\">Conclusion<\/h2>\n\n\n\n<p>Como puedes ver, comprar notas de prensa es una buena manera de conseguir noticias positivas sobre tu empresa en los medios de comunicaci\u00f3n. El mercado est\u00e1 lleno de proveedores que te proporcionar\u00e1n este servicio a un precio muy competitivo y con garant\u00edas. Si tienes un presupuesto para com<\/p>\n","protected":false},"excerpt":{"rendered":"<p>Comprar notas de prensa es una buena manera de hacerte publicidad gratis y difundir las noticias sobre tu empresa. Esto puede ser muy importante si tu negocio est\u00e1 abierto poco tiempo o no tiene muchos recursos para invertir en publicidad, pero la realidad es que muchas personas no saben c\u00f3mo comprar notas de prensa. En [&hellip;]<\/p>\n","protected":false},"author":1,"featured_media":0,"parent":0,"menu_order":0,"comment_status":"closed","ping_status":"closed","template":"","meta":{"_et_pb_use_builder":"","_et_pb_old_content":"","_et_gb_content_width":"","inline_featured_image":false},"wf_page_folders":[],"yoast_head":"<!-- This site is optimized with the Yoast SEO plugin v21.4 - https:\/\/yoast.com\/wordpress\/plugins\/seo\/ -->\n<title>Comprar notas de prensa - Rocketimpulse<\/title>\n<meta name=\"robots\" content=\"index, follow, max-snippet:-1, max-image-preview:large, max-video-preview:-1\" \/>\n<link rel=\"canonical\" href=\"https:\/\/rocketimpulse.com\/es\/\" \/>\n<meta property=\"og:locale\" content=\"es_ES\" \/>\n<meta property=\"og:type\" content=\"article\" \/>\n<meta property=\"og:title\" content=\"Comprar notas de prensa - Rocketimpulse\" \/>\n<meta property=\"og:description\" content=\"Comprar notas de prensa es una buena manera de hacerte publicidad gratis y difundir las noticias sobre tu empresa. Esto puede ser muy importante si tu negocio est\u00e1 abierto poco tiempo o no tiene muchos recursos para invertir en publicidad, pero la realidad es que muchas personas no saben c\u00f3mo comprar notas de prensa. En [&hellip;]\" \/>\n<meta property=\"og:url\" content=\"https:\/\/rocketimpulse.com\/es\/\" \/>\n<meta property=\"og:site_name\" content=\"Rocketimpulse\" \/>\n<meta property=\"article:modified_time\" content=\"2023-06-11T06:10:44+00:00\" \/>\n<meta name=\"twitter:card\" content=\"summary_large_image\" \/>\n<meta name=\"twitter:label1\" content=\"Tiempo de lectura\" \/>\n\t<meta name=\"twitter:data1\" content=\"5 minutos\" \/>\n<script type=\"application\/ld+json\" class=\"yoast-schema-graph\">{\"@context\":\"https:\/\/schema.org\",\"@graph\":[{\"@type\":\"WebPage\",\"@id\":\"https:\/\/rocketimpulse.com\/es\/\",\"url\":\"https:\/\/rocketimpulse.com\/es\/\",\"name\":\"Comprar notas de prensa - Rocketimpulse\",\"isPartOf\":{\"@id\":\"https:\/\/rocketimpulse.com\/es\/#website\"},\"datePublished\":\"2023-06-11T06:10:43+00:00\",\"dateModified\":\"2023-06-11T06:10:44+00:00\",\"breadcrumb\":{\"@id\":\"https:\/\/rocketimpulse.com\/es\/#breadcrumb\"},\"inLanguage\":\"es\",\"potentialAction\":[{\"@type\":\"ReadAction\",\"target\":[\"https:\/\/rocketimpulse.com\/es\/\"]}]},{\"@type\":\"BreadcrumbList\",\"@id\":\"https:\/\/rocketimpulse.com\/es\/#breadcrumb\",\"itemListElement\":[{\"@type\":\"ListItem\",\"position\":1,\"name\":\"Home\",\"item\":\"https:\/\/rocketimpulse.com\/es\/\"},{\"@type\":\"ListItem\",\"position\":2,\"name\":\"Comprar notas de prensa\"}]},{\"@type\":\"WebSite\",\"@id\":\"https:\/\/rocketimpulse.com\/es\/#website\",\"url\":\"https:\/\/rocketimpulse.com\/es\/\",\"name\":\"Rocketimpulse\",\"description\":\"Comprar Enlaces de Calidad\",\"potentialAction\":[{\"@type\":\"SearchAction\",\"target\":{\"@type\":\"EntryPoint\",\"urlTemplate\":\"https:\/\/rocketimpulse.com\/es\/?s={search_term_string}\"},\"query-input\":\"required name=search_term_string\"}],\"inLanguage\":\"es\"}]}<\/script>\n<!-- \/ Yoast SEO plugin. -->","yoast_head_json":{"title":"Comprar notas de prensa - Rocketimpulse","robots":{"index":"index","follow":"follow","max-snippet":"max-snippet:-1","max-image-preview":"max-image-preview:large","max-video-preview":"max-video-preview:-1"},"canonical":"https:\/\/rocketimpulse.com\/es\/","og_locale":"es_ES","og_type":"article","og_title":"Comprar notas de prensa - Rocketimpulse","og_description":"Comprar notas de prensa es una buena manera de hacerte publicidad gratis y difundir las noticias sobre tu empresa. Esto puede ser muy importante si tu negocio est\u00e1 abierto poco tiempo o no tiene muchos recursos para invertir en publicidad, pero la realidad es que muchas personas no saben c\u00f3mo comprar notas de prensa. En [&hellip;]","og_url":"https:\/\/rocketimpulse.com\/es\/","og_site_name":"Rocketimpulse","article_modified_time":"2023-06-11T06:10:44+00:00","twitter_card":"summary_large_image","twitter_misc":{"Tiempo de lectura":"5 minutos"},"schema":{"@context":"https:\/\/schema.org","@graph":[{"@type":"WebPage","@id":"https:\/\/rocketimpulse.com\/es\/","url":"https:\/\/rocketimpulse.com\/es\/","name":"Comprar notas de prensa - Rocketimpulse","isPartOf":{"@id":"https:\/\/rocketimpulse.com\/es\/#website"},"datePublished":"2023-06-11T06:10:43+00:00","dateModified":"2023-06-11T06:10:44+00:00","breadcrumb":{"@id":"https:\/\/rocketimpulse.com\/es\/#breadcrumb"},"inLanguage":"es","potentialAction":[{"@type":"ReadAction","target":["https:\/\/rocketimpulse.com\/es\/"]}]},{"@type":"BreadcrumbList","@id":"https:\/\/rocketimpulse.com\/es\/#breadcrumb","itemListElement":[{"@type":"ListItem","position":1,"name":"Home","item":"https:\/\/rocketimpulse.com\/es\/"},{"@type":"ListItem","position":2,"name":"Comprar notas de prensa"}]},{"@type":"WebSite","@id":"https:\/\/rocketimpulse.com\/es\/#website","url":"https:\/\/rocketimpulse.com\/es\/","name":"Rocketimpulse","description":"Comprar Enlaces de Calidad","potentialAction":[{"@type":"SearchAction","target":{"@type":"EntryPoint","urlTemplate":"https:\/\/rocketimpulse.com\/es\/?s={search_term_string}"},"query-input":"required name=search_term_string"}],"inLanguage":"es"}]}},"_links":{"self":[{"href":"https:\/\/rocketimpulse.com\/es\/wp-json\/wp\/v2\/pages\/12"}],"collection":[{"href":"https:\/\/rocketimpulse.com\/es\/wp-json\/wp\/v2\/pages"}],"about":[{"href":"https:\/\/rocketimpulse.com\/es\/wp-json\/wp\/v2\/types\/page"}],"author":[{"embeddable":true,"href":"https:\/\/rocketimpulse.com\/es\/wp-json\/wp\/v2\/users\/1"}],"replies":[{"embeddable":true,"href":"https:\/\/rocketimpulse.com\/es\/wp-json\/wp\/v2\/comments?post=12"}],"version-history":[{"count":1,"href":"https:\/\/rocketimpulse.com\/es\/wp-json\/wp\/v2\/pages\/12\/revisions"}],"predecessor-version":[{"id":13,"href":"https:\/\/rocketimpulse.com\/es\/wp-json\/wp\/v2\/pages\/12\/revisions\/13"}],"wp:attachment":[{"href":"https:\/\/rocketimpulse.com\/es\/wp-json\/wp\/v2\/media?parent=12"}],"wp:term":[{"taxonomy":"wf_page_folders","embeddable":true,"href":"https:\/\/rocketimpulse.com\/es\/wp-json\/wp\/v2\/wf_page_folders?post=12"}],"curies":[{"name":"wp","href":"https:\/\/api.w.org\/{rel}","templated":true}]}}